{"id":90,"date":"2020-02-24T13:18:12","date_gmt":"2020-02-24T13:18:12","guid":{"rendered":"http:\/\/www.duhrfreres.lu\/frontpage\/"},"modified":"2024-07-03T08:46:19","modified_gmt":"2024-07-03T08:46:19","slug":"clos-mon-vieux-moulin","status":"publish","type":"page","link":"https:\/\/www.duhrfreres.lu\/de\/","title":{"rendered":"Clos Mon Vieux Moulin &#8211; DUHR Fr\u00e8res"},"content":{"rendered":"","protected":false},"excerpt":{"rendered":"","protected":false},"author":1,"featured_media":0,"parent":0,"menu_order":0,"comment_status":"closed","ping_status":"closed","template":"","meta":{"_acf_changed":false,"footnotes":""},"class_list":["post-90","page","type-page","status-publish","hentry"],"acf":[],"yoast_head":"<!-- This site is optimized with the Yoast SEO plugin v25.5 - https:\/\/yoast.com\/wordpress\/plugins\/seo\/ -->\n<title>Clos Mon Vieux Moulin - DUHR Fr\u00e8res - Weine und Cr\u00e9mants des luxemburger Terroirs<\/title>\n<meta name=\"description\" content=\"Mit etwa zwanzig Weinen und zwei Cr\u00e9mants von ausgezeichneter Qualit\u00e4t bietet der Clos Mon Vieux Moulin eine aufregende Vielfalt des Mosel-Terroirs.\" \/>\n<meta name=\"robots\" content=\"index, follow, max-snippet:-1, max-image-preview:large, max-video-preview:-1\" \/>\n<link rel=\"canonical\" href=\"https:\/\/www.duhrfreres.lu\/de\/\" \/>\n<meta property=\"og:locale\" content=\"de_DE\" \/>\n<meta property=\"og:type\" content=\"article\" \/>\n<meta property=\"og:title\" content=\"Clos Mon Vieux Moulin - DUHR Fr\u00e8res - Weine und Cr\u00e9mants des luxemburger Terroirs\" \/>\n<meta property=\"og:description\" content=\"Mit etwa zwanzig Weinen und zwei Cr\u00e9mants von ausgezeichneter Qualit\u00e4t bietet der Clos Mon Vieux Moulin eine aufregende Vielfalt des Mosel-Terroirs.\" \/>\n<meta property=\"og:url\" content=\"https:\/\/www.duhrfreres.lu\/de\/\" \/>\n<meta property=\"og:site_name\" content=\"CLOS MON VIEUX MOULIN\" \/>\n<meta property=\"article:modified_time\" content=\"2024-07-03T08:46:19+00:00\" \/>\n<meta name=\"twitter:card\" content=\"summary_large_image\" \/>\n<script type=\"application\/ld+json\" class=\"yoast-schema-graph\">{\"@context\":\"https:\/\/schema.org\",\"@graph\":[{\"@type\":\"WebPage\",\"@id\":\"https:\/\/www.duhrfreres.lu\/de\/\",\"url\":\"https:\/\/www.duhrfreres.lu\/de\/\",\"name\":\"Clos Mon Vieux Moulin - DUHR Fr\u00e8res - Weine und Cr\u00e9mants des luxemburger Terroirs\",\"isPartOf\":{\"@id\":\"https:\/\/www.duhrfreres.lu\/de\/#website\"},\"datePublished\":\"2020-02-24T13:18:12+00:00\",\"dateModified\":\"2024-07-03T08:46:19+00:00\",\"description\":\"Mit etwa zwanzig Weinen und zwei Cr\u00e9mants von ausgezeichneter Qualit\u00e4t bietet der Clos Mon Vieux Moulin eine aufregende Vielfalt des Mosel-Terroirs.\",\"breadcrumb\":{\"@id\":\"https:\/\/www.duhrfreres.lu\/de\/#breadcrumb\"},\"inLanguage\":\"de\",\"potentialAction\":[{\"@type\":\"ReadAction\",\"target\":[\"https:\/\/www.duhrfreres.lu\/de\/\"]}]},{\"@type\":\"BreadcrumbList\",\"@id\":\"https:\/\/www.duhrfreres.lu\/de\/#breadcrumb\",\"itemListElement\":[{\"@type\":\"ListItem\",\"position\":1,\"name\":\"Home\",\"item\":\"https:\/\/www.duhrfreres.lu\/de\/\"},{\"@type\":\"ListItem\",\"position\":2,\"name\":\"Clos Mon Vieux Moulin &#8211; DUHR Fr\u00e8res\"}]},{\"@type\":\"WebSite\",\"@id\":\"https:\/\/www.duhrfreres.lu\/de\/#website\",\"url\":\"https:\/\/www.duhrfreres.lu\/de\/\",\"name\":\"Clos Mon Vieux Moulin\",\"description\":\"Just another WordPress site\",\"publisher\":{\"@id\":\"https:\/\/www.duhrfreres.lu\/de\/#organization\"},\"potentialAction\":[{\"@type\":\"SearchAction\",\"target\":{\"@type\":\"EntryPoint\",\"urlTemplate\":\"https:\/\/www.duhrfreres.lu\/de\/?s={search_term_string}\"},\"query-input\":{\"@type\":\"PropertyValueSpecification\",\"valueRequired\":true,\"valueName\":\"search_term_string\"}}],\"inLanguage\":\"de\"},{\"@type\":\"Organization\",\"@id\":\"https:\/\/www.duhrfreres.lu\/de\/#organization\",\"name\":\"Clos Mon Vieux Moulin - DUHR Fr\u00e8res\",\"url\":\"https:\/\/www.duhrfreres.lu\/de\/\",\"logo\":{\"@type\":\"ImageObject\",\"inLanguage\":\"de\",\"@id\":\"https:\/\/www.duhrfreres.lu\/de\/#\/schema\/logo\/image\/\",\"url\":\"https:\/\/www.duhrfreres.lu\/wp-content\/uploads\/2020\/03\/favicon.png\",\"contentUrl\":\"https:\/\/www.duhrfreres.lu\/wp-content\/uploads\/2020\/03\/favicon.png\",\"width\":579,\"height\":579,\"caption\":\"Clos Mon Vieux Moulin - DUHR Fr\u00e8res\"},\"image\":{\"@id\":\"https:\/\/www.duhrfreres.lu\/de\/#\/schema\/logo\/image\/\"}}]}<\/script>\n<!-- \/ Yoast SEO plugin. -->","yoast_head_json":{"title":"Clos Mon Vieux Moulin - DUHR Fr\u00e8res - Weine und Cr\u00e9mants des luxemburger Terroirs","description":"Mit etwa zwanzig Weinen und zwei Cr\u00e9mants von ausgezeichneter Qualit\u00e4t bietet der Clos Mon Vieux Moulin eine aufregende Vielfalt des Mosel-Terroirs.","robots":{"index":"index","follow":"follow","max-snippet":"max-snippet:-1","max-image-preview":"max-image-preview:large","max-video-preview":"max-video-preview:-1"},"canonical":"https:\/\/www.duhrfreres.lu\/de\/","og_locale":"de_DE","og_type":"article","og_title":"Clos Mon Vieux Moulin - DUHR Fr\u00e8res - Weine und Cr\u00e9mants des luxemburger Terroirs","og_description":"Mit etwa zwanzig Weinen und zwei Cr\u00e9mants von ausgezeichneter Qualit\u00e4t bietet der Clos Mon Vieux Moulin eine aufregende Vielfalt des Mosel-Terroirs.","og_url":"https:\/\/www.duhrfreres.lu\/de\/","og_site_name":"CLOS MON VIEUX MOULIN","article_modified_time":"2024-07-03T08:46:19+00:00","twitter_card":"summary_large_image","schema":{"@context":"https:\/\/schema.org","@graph":[{"@type":"WebPage","@id":"https:\/\/www.duhrfreres.lu\/de\/","url":"https:\/\/www.duhrfreres.lu\/de\/","name":"Clos Mon Vieux Moulin - DUHR Fr\u00e8res - Weine und Cr\u00e9mants des luxemburger Terroirs","isPartOf":{"@id":"https:\/\/www.duhrfreres.lu\/de\/#website"},"datePublished":"2020-02-24T13:18:12+00:00","dateModified":"2024-07-03T08:46:19+00:00","description":"Mit etwa zwanzig Weinen und zwei Cr\u00e9mants von ausgezeichneter Qualit\u00e4t bietet der Clos Mon Vieux Moulin eine aufregende Vielfalt des Mosel-Terroirs.","breadcrumb":{"@id":"https:\/\/www.duhrfreres.lu\/de\/#breadcrumb"},"inLanguage":"de","potentialAction":[{"@type":"ReadAction","target":["https:\/\/www.duhrfreres.lu\/de\/"]}]},{"@type":"BreadcrumbList","@id":"https:\/\/www.duhrfreres.lu\/de\/#breadcrumb","itemListElement":[{"@type":"ListItem","position":1,"name":"Home","item":"https:\/\/www.duhrfreres.lu\/de\/"},{"@type":"ListItem","position":2,"name":"Clos Mon Vieux Moulin &#8211; DUHR Fr\u00e8res"}]},{"@type":"WebSite","@id":"https:\/\/www.duhrfreres.lu\/de\/#website","url":"https:\/\/www.duhrfreres.lu\/de\/","name":"Clos Mon Vieux Moulin","description":"Just another WordPress site","publisher":{"@id":"https:\/\/www.duhrfreres.lu\/de\/#organization"},"potentialAction":[{"@type":"SearchAction","target":{"@type":"EntryPoint","urlTemplate":"https:\/\/www.duhrfreres.lu\/de\/?s={search_term_string}"},"query-input":{"@type":"PropertyValueSpecification","valueRequired":true,"valueName":"search_term_string"}}],"inLanguage":"de"},{"@type":"Organization","@id":"https:\/\/www.duhrfreres.lu\/de\/#organization","name":"Clos Mon Vieux Moulin - DUHR Fr\u00e8res","url":"https:\/\/www.duhrfreres.lu\/de\/","logo":{"@type":"ImageObject","inLanguage":"de","@id":"https:\/\/www.duhrfreres.lu\/de\/#\/schema\/logo\/image\/","url":"https:\/\/www.duhrfreres.lu\/wp-content\/uploads\/2020\/03\/favicon.png","contentUrl":"https:\/\/www.duhrfreres.lu\/wp-content\/uploads\/2020\/03\/favicon.png","width":579,"height":579,"caption":"Clos Mon Vieux Moulin - DUHR Fr\u00e8res"},"image":{"@id":"https:\/\/www.duhrfreres.lu\/de\/#\/schema\/logo\/image\/"}}]}},"_links":{"self":[{"href":"https:\/\/www.duhrfreres.lu\/de\/wp-json\/wp\/v2\/pages\/90","targetHints":{"allow":["GET"]}}],"collection":[{"href":"https:\/\/www.duhrfreres.lu\/de\/wp-json\/wp\/v2\/pages"}],"about":[{"href":"https:\/\/www.duhrfreres.lu\/de\/wp-json\/wp\/v2\/types\/page"}],"author":[{"embeddable":true,"href":"https:\/\/www.duhrfreres.lu\/de\/wp-json\/wp\/v2\/users\/1"}],"replies":[{"embeddable":true,"href":"https:\/\/www.duhrfreres.lu\/de\/wp-json\/wp\/v2\/comments?post=90"}],"version-history":[{"count":27,"href":"https:\/\/www.duhrfreres.lu\/de\/wp-json\/wp\/v2\/pages\/90\/revisions"}],"predecessor-version":[{"id":1715,"href":"https:\/\/www.duhrfreres.lu\/de\/wp-json\/wp\/v2\/pages\/90\/revisions\/1715"}],"wp:attachment":[{"href":"https:\/\/www.duhrfreres.lu\/de\/wp-json\/wp\/v2\/media?parent=90"}],"curies":[{"name":"wp","href":"https:\/\/api.w.org\/{rel}","templated":true}]}}